{"id":9039,"date":"2020-08-12T11:50:57","date_gmt":"2020-08-12T11:50:57","guid":{"rendered":"https:\/\/netegesbada.com\/sobre-nosaltres\/"},"modified":"2021-02-04T19:29:04","modified_gmt":"2021-02-04T19:29:04","slug":"sobre-nosotros","status":"publish","type":"page","link":"https:\/\/netegesbada.com\/es\/sobre-nosotros\/","title":{"rendered":"Sobre nosotros"},"content":{"rendered":"<p>[et_pb_section fb_built=\u00bb1&#8243; custom_padding_last_edited=\u00bbon|phone\u00bb next_background_color=\u00bb#ffffff\u00bb _builder_version=\u00bb4.6.6&#8243; background_color=\u00bbrgba(0,0,0,0)\u00bb use_background_color_gradient=\u00bbon\u00bb background_color_gradient_start=\u00bb#fff400&#8243; background_color_gradient_end=\u00bb#e8cf53&#8243; background_color_gradient_overlays_image=\u00bbon\u00bb background_image=\u00bbhttps:\/\/netegesbada.com\/wp-content\/uploads\/2019\/08\/camio-cisterna.png\u00bb background_position=\u00bbtop_center\u00bb custom_padding=\u00bb50px||50px||false|false\u00bb custom_padding_tablet=\u00bb30px||50px||false|false\u00bb custom_padding_phone=\u00bb10px||10px||false|false\u00bb bottom_divider_style=\u00bbcurve\u00bb bottom_divider_height=\u00bb60px\u00bb bottom_divider_height_tablet=\u00bb30px\u00bb bottom_divider_height_phone=\u00bb\u00bb bottom_divider_height_last_edited=\u00bbon|tablet\u00bb][et_pb_row _builder_version=\u00bb3.26.6&#8243;][et_pb_column type=\u00bb4_4&#8243; _builder_version=\u00bb3.25.2&#8243;][et_pb_text _builder_version=\u00bb4.7.7&#8243; text_font=\u00bb|300|||||||\u00bb text_font_size=\u00bb24px\u00bb header_font=\u00bb|300|||||||\u00bb header_line_height=\u00bb1.4em\u00bb header_2_font=\u00bb|300|||||||\u00bb header_2_font_size=\u00bb56px\u00bb header_2_line_height=\u00bb1.2em\u00bb text_orientation=\u00bbcenter\u00bb background_layout=\u00bbdark\u00bb hover_enabled=\u00bb0&#8243; header_font_size_tablet=\u00bb26px\u00bb header_font_size_phone=\u00bb22px\u00bb header_font_size_last_edited=\u00bbon|phone\u00bb header_2_font_size_tablet=\u00bb44px\u00bb header_2_font_size_phone=\u00bb38px\u00bb header_2_font_size_last_edited=\u00bbon|phone\u00bb text_text_align=\u00bbcenter\u00bb sticky_enabled=\u00bb0&#8243;]<\/p>\n<h1>Sobre <b>Neteges Bada<\/b><\/h1>\n<p>[\/et_pb_text][\/et_pb_column][\/et_pb_row][\/et_pb_section][et_pb_section fb_built=\u00bb1&#8243; _builder_version=\u00bb3.25.2&#8243;][et_pb_row column_structure=\u00bb1_2,1_2&#8243; use_custom_gutter=\u00bbon\u00bb gutter_width=\u00bb4&#8243; make_equal=\u00bbon\u00bb custom_padding_last_edited=\u00bbon|phone\u00bb _builder_version=\u00bb4.6.6&#8243; custom_padding=\u00bb0px|||||\u00bb custom_padding_tablet=\u00bb\u00bb custom_padding_phone=\u00bb0px||||false|false\u00bb][et_pb_column type=\u00bb1_2&#8243; _builder_version=\u00bb4.6.6&#8243; background_image=\u00bbhttps:\/\/netegesbada.com\/wp-content\/uploads\/2019\/08\/neteges-bada-platja-daro.png\u00bb custom_padding=\u00bb||\u00bb custom_padding_tablet=\u00bb200px||200px||true|false\u00bb custom_padding_phone=\u00bb160px||160px||true|false\u00bb custom_padding_last_edited=\u00bbon|tablet\u00bb box_shadow_style=\u00bbpreset2&#8243; box_shadow_horizontal=\u00bb20px\u00bb box_shadow_vertical=\u00bb20px\u00bb box_shadow_blur=\u00bb45px\u00bb box_shadow_spread=\u00bb-5px\u00bb box_shadow_color=\u00bbrgba(0,0,0,0.25)\u00bb][\/et_pb_column][et_pb_column type=\u00bb1_2&#8243; _builder_version=\u00bb3.25.2&#8243;][et_pb_text _builder_version=\u00bb4.7.7&#8243; text_font=\u00bb|300|||||||\u00bb link_font=\u00bb||||||||\u00bb link_text_color=\u00bb#666666&#8243; header_font=\u00bb|300|||||||\u00bb header_font_size=\u00bb56px\u00bb header_2_font=\u00bb|300|||||||\u00bb header_2_font_size=\u00bb56px\u00bb header_2_line_height=\u00bb1.2em\u00bb header_4_font=\u00bb|300|||||||\u00bb header_4_font_size=\u00bb28px\u00bb header_4_line_height=\u00bb1.4em\u00bb custom_margin=\u00bb60px||\u00bb custom_margin_tablet=\u00bb\u00bb custom_margin_phone=\u00bb0px||||false|false\u00bb custom_margin_last_edited=\u00bbon|phone\u00bb hover_enabled=\u00bb0&#8243; header_font_size_tablet=\u00bb48px\u00bb header_font_size_phone=\u00bb42px\u00bb header_font_size_last_edited=\u00bbon|phone\u00bb header_2_font_size_tablet=\u00bb44px\u00bb header_2_font_size_phone=\u00bb38px\u00bb header_2_font_size_last_edited=\u00bbon|phone\u00bb header_4_font_size_tablet=\u00bb26px\u00bb header_4_font_size_phone=\u00bb24px\u00bb header_4_font_size_last_edited=\u00bbon|phone\u00bb sticky_enabled=\u00bb0&#8243;]<\/p>\n<h2><strong>Nuestra experiencia<br \/><\/strong>Neteges Bada<\/h2>\n<h4>M\u00e1s de 60 a\u00f1os dedicados al servicio de la limpieza industrial en Playa de Aro.<\/h4>\n<p>Contamos con un equipo de profesionales altamente cualificados para ofrecerte la mejor atenci\u00f3n personalizada. Trabajamos con compromiso, seriedad y responsabilidad ofreciendo nuestros servicios a particulares, comunidades, naves industriales, ayuntamientos, urbanizaciones, empresas, etc.<\/p>\n<p>Actualmente, disponemos de una flota de camiones de cuba para realizar nuestros servicios de limpieza y satisfacer todas las necesidades de nuestros clientes.<\/p>\n<p>[\/et_pb_text][\/et_pb_column][\/et_pb_row][\/et_pb_section][et_pb_section fb_built=\u00bb1&#8243; _builder_version=\u00bb4.6.6&#8243; background_color=\u00bb#f9f9f9&#8243; use_background_color_gradient=\u00bbon\u00bb background_color_gradient_start=\u00bbrgba(249,249,249,0.4)\u00bb background_color_gradient_end=\u00bb#f9f9f9&#8243; background_color_gradient_type=\u00bbradial\u00bb background_color_gradient_start_position=\u00bb40%\u00bb background_color_gradient_overlays_image=\u00bbon\u00bb background_enable_image=\u00bboff\u00bb background_size=\u00bbinitial\u00bb background_position=\u00bbtop_left\u00bb background_repeat=\u00bbrepeat\u00bb][et_pb_row column_structure=\u00bb1_2,1_2&#8243; use_custom_gutter=\u00bbon\u00bb gutter_width=\u00bb1&#8243; make_equal=\u00bbon\u00bb _builder_version=\u00bb4.6.6&#8243; background_color=\u00bb#ffffff\u00bb width_tablet=\u00bb\u00bb width_phone=\u00bb90%\u00bb width_last_edited=\u00bbon|phone\u00bb custom_padding=\u00bb0px||0px||true|false\u00bb box_shadow_style=\u00bbpreset2&#8243; box_shadow_horizontal=\u00bb0px\u00bb box_shadow_vertical=\u00bb40px\u00bb box_shadow_blur=\u00bb90px\u00bb box_shadow_spread=\u00bb-20px\u00bb box_shadow_color=\u00bbrgba(0,0,0,0.09)\u00bb][et_pb_column type=\u00bb1_2&#8243; _builder_version=\u00bb3.26.8&#8243; custom_padding=\u00bb50px|50px|50px|50px|true|false\u00bb custom_padding_tablet=\u00bb\u00bb custom_padding_phone=\u00bb35px||35px|35px|true|false\u00bb custom_padding_last_edited=\u00bbon|phone\u00bb][et_pb_text _builder_version=\u00bb4.7.7&#8243; text_font=\u00bb|300|||||||\u00bb text_font_size=\u00bb21px\u00bb text_line_height=\u00bb1.4em\u00bb ul_font=\u00bb||||||||\u00bb ul_font_size=\u00bb21px\u00bb ul_line_height=\u00bb1.4em\u00bb header_font=\u00bb||||||||\u00bb header_2_font=\u00bb|300|||||||\u00bb header_2_font_size=\u00bb48px\u00bb header_2_line_height=\u00bb1.2em\u00bb header_3_font=\u00bb|300|||||||\u00bb header_3_font_size=\u00bb46px\u00bb header_3_line_height=\u00bb1.1em\u00bb header_4_font=\u00bb|300|||||||\u00bb header_4_font_size=\u00bb28px\u00bb header_4_line_height=\u00bb1.4em\u00bb hover_enabled=\u00bb0&#8243; ul_font_size_tablet=\u00bb18px\u00bb ul_font_size_phone=\u00bb\u00bb ul_font_size_last_edited=\u00bbon|tablet\u00bb header_2_font_size_tablet=\u00bb44px\u00bb header_2_font_size_phone=\u00bb38px\u00bb header_2_font_size_last_edited=\u00bbon|phone\u00bb header_3_font_size_tablet=\u00bb34px\u00bb header_3_font_size_phone=\u00bb28px\u00bb header_3_font_size_last_edited=\u00bbon|desktop\u00bb text_text_align=\u00bbleft\u00bb sticky_enabled=\u00bb0&#8243;]<\/p>\n<h3><strong>Limpiezas profesionales<br \/><\/strong><\/h3>\n<p>&nbsp;<\/p>\n<p>El saneamiento de los espacios urbanos y rurales requiere de la experiencia y el uso de las nuevas tecnolog\u00edas para garantizar la limpieza de \u00e1reas comunes.En Neteges Bada estamos especializados en la limpieza de fosas s\u00e9pticas, alcantarillado, pozos, registros, colectores, piscinas, parkings, sifones, etc. as\u00ed como en su mantenimiento para prevenir los olores desagradables y la contaminaci\u00f3n ambiental.<\/p>\n<ul>\n<li>Cubas de Alta Presi\u00f3n.<\/li>\n<li>Inspecci\u00f3n de tuber\u00edas por circuito TV.<\/li>\n<li>Detectores de Direcci\u00f3n y Profundidad de tuber\u00edas.<\/li>\n<li>Servicio de contenedores.<\/li>\n<li>Transporte y maquinaria para excavaciones.<\/li>\n<\/ul>\n<p><strong>C\u00f3digo de transportista T-1072<\/strong><\/p>\n<p>[\/et_pb_text][\/et_pb_column][et_pb_column type=\u00bb1_2&#8243; _builder_version=\u00bb4.6.6&#8243; background_image=\u00bbhttps:\/\/netegesbada.com\/wp-content\/uploads\/2019\/08\/desatascos-tuberias.png\u00bb parallax=\u00bbon\u00bb custom_padding_tablet=\u00bb160px||160px||true|false\u00bb custom_padding_phone=\u00bb\u00bb custom_padding_last_edited=\u00bbon|tablet\u00bb custom_padding__hover_enabled=\u00bboff\u00bb][et_pb_text _builder_version=\u00bb3.27.4&#8243; header_2_font=\u00bb|300|||||||\u00bb header_2_font_size=\u00bb56px\u00bb header_2_line_height=\u00bb1.2em\u00bb hover_enabled=\u00bb0&#8243; header_2_font_size_tablet=\u00bb44px\u00bb header_2_font_size_phone=\u00bb38px\u00bb header_2_font_size_last_edited=\u00bbon|phone\u00bb sticky_enabled=\u00bb0&#8243;][\/et_pb_text][\/et_pb_column][\/et_pb_row][et_pb_row column_structure=\u00bb1_2,1_2&#8243; use_custom_gutter=\u00bbon\u00bb gutter_width=\u00bb1&#8243; make_equal=\u00bbon\u00bb _builder_version=\u00bb4.6.6&#8243; background_color=\u00bb#ffffff\u00bb width_tablet=\u00bb\u00bb width_phone=\u00bb90%\u00bb width_last_edited=\u00bbon|phone\u00bb custom_padding=\u00bb0px||0px||true|false\u00bb box_shadow_style=\u00bbpreset2&#8243; box_shadow_horizontal=\u00bb0px\u00bb box_shadow_vertical=\u00bb40px\u00bb box_shadow_blur=\u00bb90px\u00bb box_shadow_spread=\u00bb-20px\u00bb box_shadow_color=\u00bbrgba(0,0,0,0.09)\u00bb][et_pb_column type=\u00bb1_2&#8243; _builder_version=\u00bb4.6.6&#8243; background_image=\u00bbhttps:\/\/netegesbada.com\/wp-content\/uploads\/2019\/08\/aigua-per-piscines.png\u00bb parallax=\u00bbon\u00bb background_last_edited=\u00bbon|tablet\u00bb background_enable_image_tablet=\u00bboff\u00bb parallax_phone=\u00bboff\u00bb][\/et_pb_column][et_pb_column type=\u00bb1_2&#8243; _builder_version=\u00bb4.4.2&#8243; background_enable_image=\u00bboff\u00bb custom_padding=\u00bb50px|50px|50px|50px|true|true\u00bb custom_padding_tablet=\u00bb50px||||false|true\u00bb custom_padding_phone=\u00bb35px|35px|35px|35px|true|false\u00bb custom_padding_last_edited=\u00bbon|phone\u00bb][et_pb_text _builder_version=\u00bb4.7.7&#8243; text_font=\u00bb|300|||||||\u00bb text_font_size=\u00bb21px\u00bb text_line_height=\u00bb1.4em\u00bb ul_font=\u00bb||||||||\u00bb ul_font_size=\u00bb21px\u00bb ul_line_height=\u00bb1.4em\u00bb header_font=\u00bb||||||||\u00bb header_2_font=\u00bb|300|||||||\u00bb header_2_font_size=\u00bb48px\u00bb header_2_line_height=\u00bb1.2em\u00bb header_3_font=\u00bb|300|||||||\u00bb header_3_font_size=\u00bb46px\u00bb header_3_line_height=\u00bb1.1em\u00bb header_4_font=\u00bb|300|||||||\u00bb header_4_font_size=\u00bb28px\u00bb header_4_line_height=\u00bb1.4em\u00bb custom_padding=\u00bb||0px|||\u00bb hover_enabled=\u00bb0&#8243; ul_font_size_tablet=\u00bb18px\u00bb ul_font_size_phone=\u00bb\u00bb ul_font_size_last_edited=\u00bbon|tablet\u00bb header_2_font_size_tablet=\u00bb44px\u00bb header_2_font_size_phone=\u00bb38px\u00bb header_2_font_size_last_edited=\u00bbon|phone\u00bb header_3_font_size_tablet=\u00bb34px\u00bb header_3_font_size_phone=\u00bb28px\u00bb header_3_font_size_last_edited=\u00bbon|desktop\u00bb text_text_align=\u00bbleft\u00bb sticky_enabled=\u00bb0&#8243;]<\/p>\n<h3><strong>Abastecimiento de agua<\/strong><\/h3>\n<p>&nbsp;<\/p>\n<p>Tambi\u00e9n nos dedicamos al transporte de agua potable para rellenar dep\u00f3sitos de piscinas y jardines, o bien para el riego de huertos y zonas verdes, mediante cisternas homologadas.<\/p>\n<p>Disponemos de veh\u00edculos con cubas de alta presi\u00f3n de diferentes capacidades para el suministro de agua.<\/p>\n<p>Tambi\u00e9n disponemos de equipos de alta presi\u00f3n para la limpieza de la superficie de cubas y piscinas, as\u00ed como para la limpieza y desatasco de los conductos de filtrado y desag\u00fce de \u00e9stas.<\/p>\n<p>[\/et_pb_text][\/et_pb_column][\/et_pb_row][\/et_pb_section][et_pb_section fb_built=\u00bb1&#8243; _builder_version=\u00bb3.25.2&#8243; custom_padding=\u00bb||20px\u00bb][et_pb_row _builder_version=\u00bb3.25.2&#8243; max_width=\u00bb980px\u00bb custom_margin=\u00bb|auto|34px|auto||\u00bb][et_pb_column type=\u00bb4_4&#8243; _builder_version=\u00bb3.25.2&#8243;][et_pb_text _builder_version=\u00bb4.7.7&#8243; text_font=\u00bb|300|||||||\u00bb text_font_size=\u00bb28px\u00bb text_line_height=\u00bb1.4em\u00bb header_font=\u00bb||||||||\u00bb header_2_font=\u00bb|300|||||||\u00bb header_2_font_size=\u00bb56px\u00bb header_2_line_height=\u00bb1.2em\u00bb header_3_font=\u00bb|300|||||||\u00bb header_3_font_size=\u00bb56px\u00bb header_4_font=\u00bb|300|||||||\u00bb header_4_font_size=\u00bb28px\u00bb header_4_line_height=\u00bb1.4em\u00bb text_orientation=\u00bbcenter\u00bb hover_enabled=\u00bb0&#8243; text_font_size_tablet=\u00bb25px\u00bb text_font_size_phone=\u00bb22px\u00bb text_font_size_last_edited=\u00bbon|tablet\u00bb header_2_font_size_tablet=\u00bb44px\u00bb header_2_font_size_phone=\u00bb38px\u00bb header_2_font_size_last_edited=\u00bbon|phone\u00bb header_3_font_size_tablet=\u00bb44px\u00bb header_3_font_size_phone=\u00bb38px\u00bb header_3_font_size_last_edited=\u00bbon|phone\u00bb sticky_enabled=\u00bb0&#8243;]<\/p>\n<h2>\u00bfTienes alguna duda?<\/h2>\n<p>[\/et_pb_text][et_pb_text _builder_version=\u00bb4.7.7&#8243; text_font=\u00bb|300|||||||\u00bb text_font_size=\u00bb21px\u00bb text_line_height=\u00bb1.4em\u00bb header_font=\u00bb||||||||\u00bb header_2_font=\u00bb|300|||||||\u00bb header_2_font_size=\u00bb56px\u00bb header_2_line_height=\u00bb1.2em\u00bb header_3_font=\u00bb|300|||||||\u00bb header_3_font_size=\u00bb56px\u00bb header_4_font=\u00bb|300|||||||\u00bb header_4_font_size=\u00bb28px\u00bb header_4_line_height=\u00bb1.4em\u00bb text_orientation=\u00bbcenter\u00bb hover_enabled=\u00bb0&#8243; header_2_font_size_tablet=\u00bb44px\u00bb header_2_font_size_phone=\u00bb38px\u00bb header_2_font_size_last_edited=\u00bbon|phone\u00bb sticky_enabled=\u00bb0&#8243;]<\/p>\n<p>Si tienes cualquier duda ll\u00e1manos al <strong>Tel. 972 81 73 73<\/strong> o pide presupuesto. Nuestro equipo de profesionales te informar\u00e1 o tomar\u00e1 nota sobre tu incidencia para resolverla lo antes posible. Garantizamos m\u00e1xima profesionalidad en todos nuestros servicios.<\/p>\n<p>[\/et_pb_text][et_pb_button button_url=\u00bbhttps:\/\/netegesbada.com\/es\/contacto\/\u00bb button_text=\u00bbPedir presupuesto\u00bb button_alignment=\u00bbcenter\u00bb _builder_version=\u00bb4.7.7&#8243; custom_button=\u00bbon\u00bb button_text_size=\u00bb18px\u00bb button_text_color=\u00bb#ffffff\u00bb button_bg_color=\u00bb#ffc42a\u00bb button_border_width=\u00bb0px\u00bb button_border_radius=\u00bb40px\u00bb button_letter_spacing=\u00bb1px\u00bb button_font=\u00bb|700||on|||||\u00bb button_use_icon=\u00bboff\u00bb custom_padding=\u00bb15px|40px|15px|40px|true|true\u00bb hover_enabled=\u00bb0&#8243; button_text_color__hover=\u00bb#ffffff\u00bb button_text_color__hover_enabled=\u00bbon|hover\u00bb button_bg_color__hover=\u00bb#222222&#8243; button_bg_color__hover_enabled=\u00bbon|desktop\u00bb sticky_enabled=\u00bb0&#8243;][\/et_pb_button][\/et_pb_column][\/et_pb_row][\/et_pb_section]<\/p>\n","protected":false},"excerpt":{"rendered":"<p>Sobre Neteges BadaNuestra experienciaNeteges Bada M&aacute;s de 60 a&ntilde;os dedicados al servicio de la limpieza industrial en Playa de Aro. Contamos con un equipo de profesionales altamente cualificados para ofrecerte la mejor atenci&oacute;n personalizada. Trabajamos con compromiso, seriedad y responsabilidad ofreciendo nuestros servicios a particulares, comunidades, naves industriales, ayuntamientos, urbanizaciones, empresas, etc. Actualmente, disponemos de [&hellip;]<\/p>\n","protected":false},"author":1,"featured_media":0,"parent":0,"menu_order":0,"comment_status":"closed","ping_status":"closed","template":"","meta":{"_et_pb_use_builder":"on","_et_pb_old_content":"","_et_gb_content_width":"","footnotes":""},"class_list":["post-9039","page","type-page","status-publish","hentry"],"yoast_head":"<!-- This site is optimized with the Yoast SEO plugin v27.5 - https:\/\/yoast.com\/product\/yoast-seo-wordpress\/ -->\n<title>Servicios de limpieza profesional en Platja d&#039;Aro | Neteges Bada<\/title>\n<meta name=\"description\" content=\"Con m\u00e1s de 60 a\u00f1os de experiencia, ofrecemos servicios de limpieza profesional en la reparaci\u00f3n y desinfecci\u00f3n de tuber\u00edas, alcantarillado ...\" \/>\n<meta name=\"robots\" content=\"index, follow, max-snippet:-1, max-image-preview:large, max-video-preview:-1\" \/>\n<link rel=\"canonical\" href=\"https:\/\/netegesbada.com\/es\/sobre-nosotros\/\" \/>\n<meta property=\"og:locale\" content=\"es_ES\" \/>\n<meta property=\"og:type\" content=\"article\" \/>\n<meta property=\"og:title\" content=\"Servicios de limpieza profesional en Platja d&#039;Aro | Neteges Bada\" \/>\n<meta property=\"og:description\" content=\"Con m\u00e1s de 60 a\u00f1os de experiencia, ofrecemos servicios de limpieza profesional en la reparaci\u00f3n y desinfecci\u00f3n de tuber\u00edas, alcantarillado ...\" \/>\n<meta property=\"og:url\" content=\"https:\/\/netegesbada.com\/es\/sobre-nosotros\/\" \/>\n<meta property=\"og:site_name\" content=\"Neteges Bada\" \/>\n<meta property=\"article:modified_time\" content=\"2021-02-04T19:29:04+00:00\" \/>\n<meta name=\"twitter:card\" content=\"summary_large_image\" \/>\n<meta name=\"twitter:label1\" content=\"Tiempo de lectura\" \/>\n\t<meta name=\"twitter:data1\" content=\"8 minutos\" \/>\n<script type=\"application\/ld+json\" class=\"yoast-schema-graph\">{\"@context\":\"https:\\\/\\\/schema.org\",\"@graph\":[{\"@type\":\"WebPage\",\"@id\":\"https:\\\/\\\/netegesbada.com\\\/es\\\/sobre-nosotros\\\/\",\"url\":\"https:\\\/\\\/netegesbada.com\\\/es\\\/sobre-nosotros\\\/\",\"name\":\"Servicios de limpieza profesional en Platja d'Aro | Neteges Bada\",\"isPartOf\":{\"@id\":\"https:\\\/\\\/netegesbada.com\\\/es\\\/#website\"},\"datePublished\":\"2020-08-12T11:50:57+00:00\",\"dateModified\":\"2021-02-04T19:29:04+00:00\",\"description\":\"Con m\u00e1s de 60 a\u00f1os de experiencia, ofrecemos servicios de limpieza profesional en la reparaci\u00f3n y desinfecci\u00f3n de tuber\u00edas, alcantarillado ...\",\"breadcrumb\":{\"@id\":\"https:\\\/\\\/netegesbada.com\\\/es\\\/sobre-nosotros\\\/#breadcrumb\"},\"inLanguage\":\"es\",\"potentialAction\":[{\"@type\":\"ReadAction\",\"target\":[\"https:\\\/\\\/netegesbada.com\\\/es\\\/sobre-nosotros\\\/\"]}]},{\"@type\":\"BreadcrumbList\",\"@id\":\"https:\\\/\\\/netegesbada.com\\\/es\\\/sobre-nosotros\\\/#breadcrumb\",\"itemListElement\":[{\"@type\":\"ListItem\",\"position\":1,\"name\":\"Home\",\"item\":\"https:\\\/\\\/netegesbada.com\\\/es\\\/\"},{\"@type\":\"ListItem\",\"position\":2,\"name\":\"Sobre nosotros\"}]},{\"@type\":\"WebSite\",\"@id\":\"https:\\\/\\\/netegesbada.com\\\/es\\\/#website\",\"url\":\"https:\\\/\\\/netegesbada.com\\\/es\\\/\",\"name\":\"Neteges Bada\",\"description\":\"Serveis de neteja industrial\",\"potentialAction\":[{\"@type\":\"SearchAction\",\"target\":{\"@type\":\"EntryPoint\",\"urlTemplate\":\"https:\\\/\\\/netegesbada.com\\\/es\\\/?s={search_term_string}\"},\"query-input\":{\"@type\":\"PropertyValueSpecification\",\"valueRequired\":true,\"valueName\":\"search_term_string\"}}],\"inLanguage\":\"es\"}]}<\/script>\n<!-- \/ Yoast SEO plugin. -->","yoast_head_json":{"title":"Servicios de limpieza profesional en Platja d'Aro | Neteges Bada","description":"Con m\u00e1s de 60 a\u00f1os de experiencia, ofrecemos servicios de limpieza profesional en la reparaci\u00f3n y desinfecci\u00f3n de tuber\u00edas, alcantarillado ...","robots":{"index":"index","follow":"follow","max-snippet":"max-snippet:-1","max-image-preview":"max-image-preview:large","max-video-preview":"max-video-preview:-1"},"canonical":"https:\/\/netegesbada.com\/es\/sobre-nosotros\/","og_locale":"es_ES","og_type":"article","og_title":"Servicios de limpieza profesional en Platja d'Aro | Neteges Bada","og_description":"Con m\u00e1s de 60 a\u00f1os de experiencia, ofrecemos servicios de limpieza profesional en la reparaci\u00f3n y desinfecci\u00f3n de tuber\u00edas, alcantarillado ...","og_url":"https:\/\/netegesbada.com\/es\/sobre-nosotros\/","og_site_name":"Neteges Bada","article_modified_time":"2021-02-04T19:29:04+00:00","twitter_card":"summary_large_image","twitter_misc":{"Tiempo de lectura":"8 minutos"},"schema":{"@context":"https:\/\/schema.org","@graph":[{"@type":"WebPage","@id":"https:\/\/netegesbada.com\/es\/sobre-nosotros\/","url":"https:\/\/netegesbada.com\/es\/sobre-nosotros\/","name":"Servicios de limpieza profesional en Platja d'Aro | Neteges Bada","isPartOf":{"@id":"https:\/\/netegesbada.com\/es\/#website"},"datePublished":"2020-08-12T11:50:57+00:00","dateModified":"2021-02-04T19:29:04+00:00","description":"Con m\u00e1s de 60 a\u00f1os de experiencia, ofrecemos servicios de limpieza profesional en la reparaci\u00f3n y desinfecci\u00f3n de tuber\u00edas, alcantarillado ...","breadcrumb":{"@id":"https:\/\/netegesbada.com\/es\/sobre-nosotros\/#breadcrumb"},"inLanguage":"es","potentialAction":[{"@type":"ReadAction","target":["https:\/\/netegesbada.com\/es\/sobre-nosotros\/"]}]},{"@type":"BreadcrumbList","@id":"https:\/\/netegesbada.com\/es\/sobre-nosotros\/#breadcrumb","itemListElement":[{"@type":"ListItem","position":1,"name":"Home","item":"https:\/\/netegesbada.com\/es\/"},{"@type":"ListItem","position":2,"name":"Sobre nosotros"}]},{"@type":"WebSite","@id":"https:\/\/netegesbada.com\/es\/#website","url":"https:\/\/netegesbada.com\/es\/","name":"Neteges Bada","description":"Serveis de neteja industrial","potentialAction":[{"@type":"SearchAction","target":{"@type":"EntryPoint","urlTemplate":"https:\/\/netegesbada.com\/es\/?s={search_term_string}"},"query-input":{"@type":"PropertyValueSpecification","valueRequired":true,"valueName":"search_term_string"}}],"inLanguage":"es"}]}},"_links":{"self":[{"href":"https:\/\/netegesbada.com\/es\/wp-json\/wp\/v2\/pages\/9039","targetHints":{"allow":["GET"]}}],"collection":[{"href":"https:\/\/netegesbada.com\/es\/wp-json\/wp\/v2\/pages"}],"about":[{"href":"https:\/\/netegesbada.com\/es\/wp-json\/wp\/v2\/types\/page"}],"author":[{"embeddable":true,"href":"https:\/\/netegesbada.com\/es\/wp-json\/wp\/v2\/users\/1"}],"replies":[{"embeddable":true,"href":"https:\/\/netegesbada.com\/es\/wp-json\/wp\/v2\/comments?post=9039"}],"version-history":[{"count":0,"href":"https:\/\/netegesbada.com\/es\/wp-json\/wp\/v2\/pages\/9039\/revisions"}],"wp:attachment":[{"href":"https:\/\/netegesbada.com\/es\/wp-json\/wp\/v2\/media?parent=9039"}],"curies":[{"name":"wp","href":"https:\/\/api.w.org\/{rel}","templated":true}]}}