{"id":9015,"date":"2020-08-12T12:05:55","date_gmt":"2020-08-12T12:05:55","guid":{"rendered":"https:\/\/netegesbada.com\/servicios\/fosses-septiques\/"},"modified":"2021-02-04T19:14:44","modified_gmt":"2021-02-04T19:14:44","slug":"fosas-septicas","status":"publish","type":"page","link":"https:\/\/netegesbada.com\/es\/servicios\/fosas-septicas\/","title":{"rendered":"Fosas s\u00e9pticas"},"content":{"rendered":"<p>[et_pb_section fb_built=\u00bb1&#8243; custom_padding_last_edited=\u00bbon|phone\u00bb next_background_color=\u00bb#ffffff\u00bb _builder_version=\u00bb4.6.6&#8243; background_color=\u00bbrgba(0,167,157,0.65)\u00bb use_background_color_gradient=\u00bbon\u00bb background_color_gradient_start=\u00bb#fff400&#8243; background_color_gradient_end=\u00bb#e7c311&#8243; background_color_gradient_overlays_image=\u00bbon\u00bb background_enable_image=\u00bboff\u00bb background_position=\u00bbtop_center\u00bb custom_padding=\u00bb50px||50px||false|false\u00bb custom_padding_tablet=\u00bb30px||50px||false|false\u00bb custom_padding_phone=\u00bb10px||10px||false|false\u00bb bottom_divider_style=\u00bbcurve\u00bb bottom_divider_height=\u00bb60px\u00bb bottom_divider_height_tablet=\u00bb30px\u00bb bottom_divider_height_phone=\u00bb\u00bb bottom_divider_height_last_edited=\u00bbon|tablet\u00bb][et_pb_row _builder_version=\u00bb3.25.2&#8243;][et_pb_column type=\u00bb4_4&#8243; _builder_version=\u00bb3.25.2&#8243;][et_pb_text _builder_version=\u00bb4.7.7&#8243; text_font=\u00bb|300|||||||\u00bb text_font_size=\u00bb24px\u00bb header_font=\u00bb|300|||||||\u00bb header_line_height=\u00bb1.4em\u00bb header_2_font=\u00bb|300|||||||\u00bb header_2_font_size=\u00bb56px\u00bb header_2_line_height=\u00bb1.2em\u00bb text_orientation=\u00bbcenter\u00bb background_layout=\u00bbdark\u00bb hover_enabled=\u00bb0&#8243; header_font_size_tablet=\u00bb26px\u00bb header_font_size_phone=\u00bb22px\u00bb header_font_size_last_edited=\u00bbon|phone\u00bb header_2_font_size_tablet=\u00bb44px\u00bb header_2_font_size_phone=\u00bb38px\u00bb header_2_font_size_last_edited=\u00bbon|phone\u00bb text_text_align=\u00bbcenter\u00bb sticky_enabled=\u00bb0&#8243;]<\/p>\n<h1><strong>Servicios<\/strong> &gt; Fosas s\u00e9pticas<\/h1>\n<p>[\/et_pb_text][\/et_pb_column][\/et_pb_row][\/et_pb_section][et_pb_section fb_built=\u00bb1&#8243; custom_padding_last_edited=\u00bboff|phone\u00bb _builder_version=\u00bb3.26.8&#8243; custom_padding_phone=\u00bb0px||||false|false\u00bb][et_pb_row column_structure=\u00bb1_2,1_2&#8243; use_custom_gutter=\u00bbon\u00bb make_equal=\u00bbon\u00bb _builder_version=\u00bb4.6.6&#8243; custom_padding=\u00bb0px|||||\u00bb][et_pb_column type=\u00bb1_2&#8243; _builder_version=\u00bb4.6.6&#8243; background_image=\u00bbhttps:\/\/netegesbada.com\/wp-content\/uploads\/2019\/08\/fosses-septiques-scaled.jpg\u00bb parallax=\u00bbon\u00bb custom_padding=\u00bb||\u00bb custom_padding_tablet=\u00bb200px||200px||true|false\u00bb custom_padding_phone=\u00bb160px||160px||true|false\u00bb custom_padding_last_edited=\u00bbon|phone\u00bb box_shadow_style=\u00bbpreset2&#8243; box_shadow_horizontal=\u00bb20px\u00bb box_shadow_vertical=\u00bb20px\u00bb box_shadow_blur=\u00bb45px\u00bb box_shadow_spread=\u00bb-5px\u00bb box_shadow_color=\u00bbrgba(0,0,0,0.25)\u00bb][et_pb_text _builder_version=\u00bb3.27.4&#8243; header_2_font=\u00bb|300|||||||\u00bb header_2_font_size=\u00bb56px\u00bb header_2_line_height=\u00bb1.2em\u00bb header_2_font_size_tablet=\u00bb44px\u00bb header_2_font_size_phone=\u00bb38px\u00bb header_2_font_size_last_edited=\u00bbon|phone\u00bb][\/et_pb_text][\/et_pb_column][et_pb_column type=\u00bb1_2&#8243; _builder_version=\u00bb4.4.1&#8243;][et_pb_text _builder_version=\u00bb4.7.7&#8243; text_font=\u00bb|300|||||||\u00bb link_font=\u00bb||||||||\u00bb link_text_color=\u00bb#666666&#8243; header_font=\u00bb|300|||||||\u00bb header_font_size=\u00bb56px\u00bb header_2_font=\u00bb|300|||||||\u00bb header_2_font_size=\u00bb56px\u00bb header_2_line_height=\u00bb1.2em\u00bb header_4_font=\u00bb|300|||||||\u00bb header_4_font_size=\u00bb28px\u00bb header_4_line_height=\u00bb1.4em\u00bb custom_margin=\u00bb60px||\u00bb custom_margin_tablet=\u00bb20px||||false|false\u00bb custom_margin_phone=\u00bb0px||||false|false\u00bb custom_margin_last_edited=\u00bbon|tablet\u00bb hover_enabled=\u00bb0&#8243; header_font_size_tablet=\u00bb48px\u00bb header_font_size_phone=\u00bb38px\u00bb header_font_size_last_edited=\u00bbon|phone\u00bb header_2_font_size_tablet=\u00bb44px\u00bb header_2_font_size_phone=\u00bb38px\u00bb header_2_font_size_last_edited=\u00bbon|phone\u00bb header_4_font_size_tablet=\u00bb26px\u00bb header_4_font_size_phone=\u00bb22px\u00bb header_4_font_size_last_edited=\u00bbon|phone\u00bb sticky_enabled=\u00bb0&#8243;]<\/p>\n<h2>Limpieza de Fosas S\u00e9pticas<\/h2>\n<h4>Trabajamos con mangueras y agua a presi\u00f3n para liberar paredes y tuber\u00edas de restos o residuos.<\/h4>\n<p>En Neteges Bada tenemos un equipo de grandes profesionales para ofrecer un servicio profesional de limpieza de fosas s\u00e9pticas.<\/p>\n<p>Trabajamos con las mejores t\u00e9cnicas y con las herramientas m\u00e1s nuevas del mercado para obtener resultados excelentes.<\/p>\n<ul>\n<li>Desatascos de tuber\u00edas<\/li>\n<li>Eliminaci\u00f3n de residuos<\/li>\n<li>Saneamientos<\/li>\n<li>Servicios urgentes<\/li>\n<\/ul>\n<p>&nbsp;<\/p>\n<p>[\/et_pb_text][\/et_pb_column][\/et_pb_row][\/et_pb_section][et_pb_section fb_built=\u00bb1&#8243; prev_background_color=\u00bb#ffffff\u00bb module_id=\u00bbschedule\u00bb _builder_version=\u00bb4.6.6&#8243; background_color=\u00bb#00a79d\u00bb use_background_color_gradient=\u00bbon\u00bb background_color_gradient_start=\u00bb#e7c311&#8243; background_color_gradient_end=\u00bb#e7c311&#8243; background_color_gradient_overlays_image=\u00bbon\u00bb background_enable_image=\u00bboff\u00bb custom_padding=\u00bb80px||30px\u00bb top_divider_style=\u00bbcurve\u00bb top_divider_height=\u00bb60px\u00bb top_divider_height_tablet=\u00bb30px\u00bb top_divider_height_phone=\u00bb\u00bb top_divider_height_last_edited=\u00bbon|tablet\u00bb saved_tabs=\u00bball\u00bb][et_pb_row _builder_version=\u00bb3.25.2&#8243; max_width=\u00bb980px\u00bb][et_pb_column type=\u00bb4_4&#8243; _builder_version=\u00bb3.25.2&#8243;][et_pb_text _builder_version=\u00bb4.7.7&#8243; text_font=\u00bb|300|||||||\u00bb text_font_size=\u00bb28px\u00bb text_line_height=\u00bb1.4em\u00bb header_font=\u00bb||||||||\u00bb header_2_font=\u00bb|300|||||||\u00bb header_2_font_size=\u00bb56px\u00bb header_2_line_height=\u00bb1.2em\u00bb header_3_font=\u00bb|300|||||||\u00bb header_3_font_size=\u00bb56px\u00bb header_4_font=\u00bb|300|||||||\u00bb header_4_font_size=\u00bb28px\u00bb header_4_line_height=\u00bb1.4em\u00bb text_orientation=\u00bbcenter\u00bb background_layout=\u00bbdark\u00bb hover_enabled=\u00bb0&#8243; text_font_size_tablet=\u00bb25px\u00bb text_font_size_phone=\u00bb22px\u00bb text_font_size_last_edited=\u00bbon|tablet\u00bb header_2_font_size_tablet=\u00bb44px\u00bb header_2_font_size_phone=\u00bb38px\u00bb header_2_font_size_last_edited=\u00bbon|phone\u00bb header_3_font_size_tablet=\u00bb44px\u00bb header_3_font_size_phone=\u00bb38px\u00bb header_3_font_size_last_edited=\u00bbon|tablet\u00bb sticky_enabled=\u00bb0&#8243;]<\/p>\n<h2><strong>Contacta con nosotros<br \/><\/strong><\/h2>\n<p>[\/et_pb_text][et_pb_text _builder_version=\u00bb4.7.7&#8243; text_font=\u00bb|300|||||||\u00bb text_font_size=\u00bb21px\u00bb text_line_height=\u00bb1.4em\u00bb link_text_color=\u00bb#ffffff\u00bb header_font=\u00bb||||||||\u00bb header_2_font=\u00bb|300|||||||\u00bb header_2_font_size=\u00bb56px\u00bb header_2_line_height=\u00bb1.2em\u00bb header_3_font=\u00bb|300|||||||\u00bb header_3_font_size=\u00bb56px\u00bb header_4_font=\u00bb|300|||||||\u00bb header_4_font_size=\u00bb28px\u00bb header_4_line_height=\u00bb1.4em\u00bb text_orientation=\u00bbcenter\u00bb background_layout=\u00bbdark\u00bb hover_enabled=\u00bb0&#8243; header_2_font_size_tablet=\u00bb44px\u00bb header_2_font_size_phone=\u00bb38px\u00bb header_2_font_size_last_edited=\u00bbon|phone\u00bb sticky_enabled=\u00bb0&#8243;]<\/p>\n<p>Si tienes cualquier duda l<strong>l\u00e1manos al Tel. 972 81 73 73<\/strong> o pide presupuesto. Nuestro equipo de profesionales te informar\u00e1 o tomar\u00e1 nota sobre tu incidencia para resolverla lo antes posible. Garantizamos m\u00e1xima profesionalidad en todos nuestros servicios.<\/p>\n<p>[\/et_pb_text][et_pb_button button_url=\u00bbhttps:\/\/netegesbada.com\/es\/contacto\/\u00bb button_text=\u00bbPedir presupuesto\u00bb button_alignment=\u00bbcenter\u00bb _builder_version=\u00bb4.7.7&#8243; custom_button=\u00bbon\u00bb button_text_size=\u00bb18px\u00bb button_text_color=\u00bb#000000&#8243; button_bg_color=\u00bb#ffffff\u00bb button_border_width=\u00bb0px\u00bb button_border_radius=\u00bb40px\u00bb button_letter_spacing=\u00bb1px\u00bb button_font=\u00bb|700||on|||||\u00bb button_use_icon=\u00bboff\u00bb custom_padding=\u00bb15px|40px|15px|40px|true|true\u00bb custom_padding_tablet=\u00bb\u00bb custom_padding_phone=\u00bb|20px||20px|true|true\u00bb custom_padding_last_edited=\u00bbon|phone\u00bb hover_enabled=\u00bb0&#8243; button_bg_color__hover_enabled=\u00bbon|hover\u00bb button_bg_color__hover=\u00bb#222222&#8243; button_bg_enable_color__hover=\u00bbon\u00bb button_text_color__hover_enabled=\u00bbon|hover\u00bb button_text_color__hover=\u00bb#ffffff\u00bb sticky_enabled=\u00bb0&#8243;][\/et_pb_button][\/et_pb_column][\/et_pb_row][\/et_pb_section]<\/p>\n","protected":false},"excerpt":{"rendered":"<p>Servicios &gt; Fosas s&eacute;pticas Limpieza de Fosas S&eacute;pticas Trabajamos con mangueras y agua a presi&oacute;n para liberar paredes y tuber&iacute;as de restos o residuos. En Neteges Bada tenemos un equipo de grandes profesionales para ofrecer un servicio profesional de limpieza de fosas s&eacute;pticas. Trabajamos con las mejores t&eacute;cnicas y con las herramientas m&aacute;s nuevas del [&hellip;]<\/p>\n","protected":false},"author":1,"featured_media":0,"parent":8957,"menu_order":0,"comment_status":"closed","ping_status":"closed","template":"","meta":{"_et_pb_use_builder":"on","_et_pb_old_content":"","_et_gb_content_width":"","footnotes":""},"class_list":["post-9015","page","type-page","status-publish","hentry"],"yoast_head":"<!-- This site is optimized with the Yoast SEO plugin v27.4 - https:\/\/yoast.com\/product\/yoast-seo-wordpress\/ -->\n<title>Limpieza y mantenimiento de fosas s\u00e9pticas | Neteges Bada<\/title>\n<meta name=\"description\" content=\"Limpieza y mantenimiento de fosas s\u00e9pticas Platja d&#039;Aro, Girona. Agua a presi\u00f3n para liberar paredes y tuber\u00edas de restos o residuos.\" \/>\n<meta name=\"robots\" content=\"index, follow, max-snippet:-1, max-image-preview:large, max-video-preview:-1\" \/>\n<link rel=\"canonical\" href=\"https:\/\/netegesbada.com\/es\/servicios\/fosas-septicas\/\" \/>\n<meta property=\"og:locale\" content=\"es_ES\" \/>\n<meta property=\"og:type\" content=\"article\" \/>\n<meta property=\"og:title\" content=\"Limpieza y mantenimiento de fosas s\u00e9pticas | Neteges Bada\" \/>\n<meta property=\"og:description\" content=\"Limpieza y mantenimiento de fosas s\u00e9pticas Platja d&#039;Aro, Girona. Agua a presi\u00f3n para liberar paredes y tuber\u00edas de restos o residuos.\" \/>\n<meta property=\"og:url\" content=\"https:\/\/netegesbada.com\/es\/servicios\/fosas-septicas\/\" \/>\n<meta property=\"og:site_name\" content=\"Neteges Bada\" \/>\n<meta property=\"article:modified_time\" content=\"2021-02-04T19:14:44+00:00\" \/>\n<meta name=\"twitter:card\" content=\"summary_large_image\" \/>\n<meta name=\"twitter:label1\" content=\"Tiempo de lectura\" \/>\n\t<meta name=\"twitter:data1\" content=\"5 minutos\" \/>\n<script type=\"application\/ld+json\" class=\"yoast-schema-graph\">{\"@context\":\"https:\\\/\\\/schema.org\",\"@graph\":[{\"@type\":\"WebPage\",\"@id\":\"https:\\\/\\\/netegesbada.com\\\/es\\\/servicios\\\/fosas-septicas\\\/\",\"url\":\"https:\\\/\\\/netegesbada.com\\\/es\\\/servicios\\\/fosas-septicas\\\/\",\"name\":\"Limpieza y mantenimiento de fosas s\u00e9pticas | Neteges Bada\",\"isPartOf\":{\"@id\":\"https:\\\/\\\/netegesbada.com\\\/es\\\/#website\"},\"datePublished\":\"2020-08-12T12:05:55+00:00\",\"dateModified\":\"2021-02-04T19:14:44+00:00\",\"description\":\"Limpieza y mantenimiento de fosas s\u00e9pticas Platja d'Aro, Girona. Agua a presi\u00f3n para liberar paredes y tuber\u00edas de restos o residuos.\",\"breadcrumb\":{\"@id\":\"https:\\\/\\\/netegesbada.com\\\/es\\\/servicios\\\/fosas-septicas\\\/#breadcrumb\"},\"inLanguage\":\"es\",\"potentialAction\":[{\"@type\":\"ReadAction\",\"target\":[\"https:\\\/\\\/netegesbada.com\\\/es\\\/servicios\\\/fosas-septicas\\\/\"]}]},{\"@type\":\"BreadcrumbList\",\"@id\":\"https:\\\/\\\/netegesbada.com\\\/es\\\/servicios\\\/fosas-septicas\\\/#breadcrumb\",\"itemListElement\":[{\"@type\":\"ListItem\",\"position\":1,\"name\":\"Home\",\"item\":\"https:\\\/\\\/netegesbada.com\\\/es\\\/\"},{\"@type\":\"ListItem\",\"position\":2,\"name\":\"Servicios\",\"item\":\"https:\\\/\\\/netegesbada.com\\\/es\\\/servicios\\\/\"},{\"@type\":\"ListItem\",\"position\":3,\"name\":\"Fosas s\u00e9pticas\"}]},{\"@type\":\"WebSite\",\"@id\":\"https:\\\/\\\/netegesbada.com\\\/es\\\/#website\",\"url\":\"https:\\\/\\\/netegesbada.com\\\/es\\\/\",\"name\":\"Neteges Bada\",\"description\":\"Serveis de neteja industrial\",\"potentialAction\":[{\"@type\":\"SearchAction\",\"target\":{\"@type\":\"EntryPoint\",\"urlTemplate\":\"https:\\\/\\\/netegesbada.com\\\/es\\\/?s={search_term_string}\"},\"query-input\":{\"@type\":\"PropertyValueSpecification\",\"valueRequired\":true,\"valueName\":\"search_term_string\"}}],\"inLanguage\":\"es\"}]}<\/script>\n<!-- \/ Yoast SEO plugin. -->","yoast_head_json":{"title":"Limpieza y mantenimiento de fosas s\u00e9pticas | Neteges Bada","description":"Limpieza y mantenimiento de fosas s\u00e9pticas Platja d'Aro, Girona. Agua a presi\u00f3n para liberar paredes y tuber\u00edas de restos o residuos.","robots":{"index":"index","follow":"follow","max-snippet":"max-snippet:-1","max-image-preview":"max-image-preview:large","max-video-preview":"max-video-preview:-1"},"canonical":"https:\/\/netegesbada.com\/es\/servicios\/fosas-septicas\/","og_locale":"es_ES","og_type":"article","og_title":"Limpieza y mantenimiento de fosas s\u00e9pticas | Neteges Bada","og_description":"Limpieza y mantenimiento de fosas s\u00e9pticas Platja d'Aro, Girona. Agua a presi\u00f3n para liberar paredes y tuber\u00edas de restos o residuos.","og_url":"https:\/\/netegesbada.com\/es\/servicios\/fosas-septicas\/","og_site_name":"Neteges Bada","article_modified_time":"2021-02-04T19:14:44+00:00","twitter_card":"summary_large_image","twitter_misc":{"Tiempo de lectura":"5 minutos"},"schema":{"@context":"https:\/\/schema.org","@graph":[{"@type":"WebPage","@id":"https:\/\/netegesbada.com\/es\/servicios\/fosas-septicas\/","url":"https:\/\/netegesbada.com\/es\/servicios\/fosas-septicas\/","name":"Limpieza y mantenimiento de fosas s\u00e9pticas | Neteges Bada","isPartOf":{"@id":"https:\/\/netegesbada.com\/es\/#website"},"datePublished":"2020-08-12T12:05:55+00:00","dateModified":"2021-02-04T19:14:44+00:00","description":"Limpieza y mantenimiento de fosas s\u00e9pticas Platja d'Aro, Girona. Agua a presi\u00f3n para liberar paredes y tuber\u00edas de restos o residuos.","breadcrumb":{"@id":"https:\/\/netegesbada.com\/es\/servicios\/fosas-septicas\/#breadcrumb"},"inLanguage":"es","potentialAction":[{"@type":"ReadAction","target":["https:\/\/netegesbada.com\/es\/servicios\/fosas-septicas\/"]}]},{"@type":"BreadcrumbList","@id":"https:\/\/netegesbada.com\/es\/servicios\/fosas-septicas\/#breadcrumb","itemListElement":[{"@type":"ListItem","position":1,"name":"Home","item":"https:\/\/netegesbada.com\/es\/"},{"@type":"ListItem","position":2,"name":"Servicios","item":"https:\/\/netegesbada.com\/es\/servicios\/"},{"@type":"ListItem","position":3,"name":"Fosas s\u00e9pticas"}]},{"@type":"WebSite","@id":"https:\/\/netegesbada.com\/es\/#website","url":"https:\/\/netegesbada.com\/es\/","name":"Neteges Bada","description":"Serveis de neteja industrial","potentialAction":[{"@type":"SearchAction","target":{"@type":"EntryPoint","urlTemplate":"https:\/\/netegesbada.com\/es\/?s={search_term_string}"},"query-input":{"@type":"PropertyValueSpecification","valueRequired":true,"valueName":"search_term_string"}}],"inLanguage":"es"}]}},"_links":{"self":[{"href":"https:\/\/netegesbada.com\/es\/wp-json\/wp\/v2\/pages\/9015","targetHints":{"allow":["GET"]}}],"collection":[{"href":"https:\/\/netegesbada.com\/es\/wp-json\/wp\/v2\/pages"}],"about":[{"href":"https:\/\/netegesbada.com\/es\/wp-json\/wp\/v2\/types\/page"}],"author":[{"embeddable":true,"href":"https:\/\/netegesbada.com\/es\/wp-json\/wp\/v2\/users\/1"}],"replies":[{"embeddable":true,"href":"https:\/\/netegesbada.com\/es\/wp-json\/wp\/v2\/comments?post=9015"}],"version-history":[{"count":0,"href":"https:\/\/netegesbada.com\/es\/wp-json\/wp\/v2\/pages\/9015\/revisions"}],"up":[{"embeddable":true,"href":"https:\/\/netegesbada.com\/es\/wp-json\/wp\/v2\/pages\/8957"}],"wp:attachment":[{"href":"https:\/\/netegesbada.com\/es\/wp-json\/wp\/v2\/media?parent=9015"}],"curies":[{"name":"wp","href":"https:\/\/api.w.org\/{rel}","templated":true}]}}