{"id":8957,"date":"2020-08-12T12:04:06","date_gmt":"2020-08-12T12:04:06","guid":{"rendered":"https:\/\/netegesbada.com\/serveis\/"},"modified":"2021-02-04T19:47:59","modified_gmt":"2021-02-04T19:47:59","slug":"servicios","status":"publish","type":"page","link":"https:\/\/netegesbada.com\/es\/servicios\/","title":{"rendered":"Servicios"},"content":{"rendered":"<p>[et_pb_section fb_built=\u00bb1&#8243; custom_padding_last_edited=\u00bbon|phone\u00bb admin_label=\u00bbSection\u00bb _builder_version=\u00bb4.6.6&#8243; background_color=\u00bbrgba(0,167,157,0.65)\u00bb use_background_color_gradient=\u00bbon\u00bb background_color_gradient_start=\u00bb#e7c311&#8243; background_color_gradient_end=\u00bb#e7c311&#8243; background_color_gradient_overlays_image=\u00bbon\u00bb background_enable_image=\u00bboff\u00bb background_position=\u00bbtop_center\u00bb custom_padding=\u00bb50px||50px||false|false\u00bb custom_padding_tablet=\u00bb30px||50px||false|false\u00bb custom_padding_phone=\u00bb10px||10px||false|false\u00bb bottom_divider_style=\u00bbcurve\u00bb bottom_divider_color=\u00bb#f9f9f9&#8243; bottom_divider_height=\u00bb60px\u00bb bottom_divider_height_tablet=\u00bb30px\u00bb bottom_divider_height_phone=\u00bb\u00bb bottom_divider_height_last_edited=\u00bbon|tablet\u00bb][et_pb_row admin_label=\u00bbRow\u00bb _builder_version=\u00bb3.25.2&#8243;][et_pb_column type=\u00bb4_4&#8243; _builder_version=\u00bb3.25.2&#8243;][et_pb_text _builder_version=\u00bb4.7.7&#8243; text_font=\u00bb|300|||||||\u00bb text_font_size=\u00bb24px\u00bb header_font=\u00bb|300|||||||\u00bb header_line_height=\u00bb1.4em\u00bb header_2_font=\u00bb|300|||||||\u00bb header_2_font_size=\u00bb56px\u00bb header_2_line_height=\u00bb1.2em\u00bb text_orientation=\u00bbcenter\u00bb background_layout=\u00bbdark\u00bb header_font_size_tablet=\u00bb26px\u00bb header_font_size_phone=\u00bb22px\u00bb header_font_size_last_edited=\u00bbon|phone\u00bb header_2_font_size_tablet=\u00bb44px\u00bb header_2_font_size_phone=\u00bb38px\u00bb header_2_font_size_last_edited=\u00bbon|phone\u00bb text_text_align=\u00bbcenter\u00bb]<\/p>\n<h1>Nuestros <strong>Servicios<\/strong><\/h1>\n<p>[\/et_pb_text][\/et_pb_column][\/et_pb_row][\/et_pb_section][et_pb_section fb_built=\u00bb1&#8243; custom_padding_last_edited=\u00bbon|phone\u00bb _builder_version=\u00bb4.6.5&#8243; background_color=\u00bb#f9f9f9&#8243; use_background_color_gradient=\u00bbon\u00bb background_color_gradient_start=\u00bbrgba(249,249,249,0.4)\u00bb background_color_gradient_end=\u00bb#f9f9f9&#8243; background_color_gradient_type=\u00bbradial\u00bb background_color_gradient_start_position=\u00bb40%\u00bb background_color_gradient_overlays_image=\u00bbon\u00bb background_image=\u00bbhttps:\/\/www.surhivedesign.com\/divithemes\/smilecenter\/wp-content\/uploads\/sites\/4\/2020\/08\/tooth-pattern.jpg\u00bb background_enable_image=\u00bboff\u00bb background_size=\u00bbinitial\u00bb background_position=\u00bbtop_left\u00bb background_repeat=\u00bbrepeat\u00bb custom_padding=\u00bb60px|||||\u00bb custom_padding_tablet=\u00bb\u00bb custom_padding_phone=\u00bb0px||||false|false\u00bb saved_tabs=\u00bball\u00bb collapsed=\u00bboff\u00bb][et_pb_row custom_padding_last_edited=\u00bboff|phone\u00bb _builder_version=\u00bb3.26.8&#8243; max_width=\u00bb980px\u00bb custom_padding_phone=\u00bb0px||0px||true|false\u00bb][et_pb_column type=\u00bb4_4&#8243; _builder_version=\u00bb3.25.2&#8243;][et_pb_text _builder_version=\u00bb4.7.7&#8243; text_font=\u00bb|300|||||||\u00bb text_font_size=\u00bb22px\u00bb text_line_height=\u00bb1.4em\u00bb header_font=\u00bb||||||||\u00bb header_2_font=\u00bb|300|||||||\u00bb header_2_font_size=\u00bb52px\u00bb header_2_line_height=\u00bb1.2em\u00bb header_3_font=\u00bb|300|||||||\u00bb header_3_font_size=\u00bb56px\u00bb header_4_font=\u00bb|300|||||||\u00bb header_4_font_size=\u00bb28px\u00bb header_4_line_height=\u00bb1.4em\u00bb text_orientation=\u00bbcenter\u00bb custom_margin=\u00bb||51px|||\u00bb text_font_size_tablet=\u00bb25px\u00bb text_font_size_phone=\u00bb22px\u00bb text_font_size_last_edited=\u00bbon|tablet\u00bb header_2_font_size_tablet=\u00bb44px\u00bb header_2_font_size_phone=\u00bb38px\u00bb header_2_font_size_last_edited=\u00bbon|phone\u00bb header_3_font_size_tablet=\u00bb44px\u00bb header_3_font_size_phone=\u00bb38px\u00bb header_3_font_size_last_edited=\u00bbon|phone\u00bb]<\/p>\n<h2>Servicios de limpieza industrial en Playa de Aro<\/h2>\n<p><span class=\"d2edcug0 hpfvmrgz qv66sw1b c1et5uql oi732d6d ik7dh3pa fgxwclzu a8c37x1j keod5gw0 nxhoafnm aigsh9s9 d3f4x2em fe6kdd0r mau55g9w c8b282yb iv3no6db jq4qci2q a3bd9o3v knj5qynh oo9gr5id hzawbc8m\" dir=\"auto\">Con m\u00e1s de 60 a\u00f1os de experiencia, en Neteges Bada ofrecemos servicios de limpieza, reparaci\u00f3n y desinfecci\u00f3n de tuber\u00edas, alcantarillado, fosas s\u00e9pticas, pozos, colectores, piscinas, parkings &#8230;para particulares, comunidades, naves industriales, empresas, etc.<\/span><\/p>\n<p>[\/et_pb_text][\/et_pb_column][\/et_pb_row][et_pb_row column_structure=\u00bb1_3,1_3,1_3&#8243; custom_padding_last_edited=\u00bbon|phone\u00bb _builder_version=\u00bb4.4.1&#8243; background_color=\u00bb#ffffff\u00bb width_tablet=\u00bb\u00bb width_phone=\u00bb90%\u00bb width_last_edited=\u00bbon|phone\u00bb custom_margin=\u00bb||30px\u00bb custom_padding=\u00bb|50px|50px|50px\u00bb custom_padding_tablet=\u00bb\u00bb custom_padding_phone=\u00bb|20px||20px|false|true\u00bb box_shadow_style=\u00bbpreset2&#8243; box_shadow_horizontal=\u00bb0px\u00bb box_shadow_vertical=\u00bb40px\u00bb box_shadow_blur=\u00bb90px\u00bb box_shadow_spread=\u00bb-20px\u00bb box_shadow_color=\u00bbrgba(0,0,0,0.09)\u00bb][et_pb_column type=\u00bb1_3&#8243; _builder_version=\u00bb3.26.8&#8243; custom_padding_phone=\u00bb|20px||20px|false|true\u00bb custom_padding_last_edited=\u00bboff|desktop\u00bb][et_pb_image src=\u00bbhttps:\/\/netegesbada.com\/wp-content\/uploads\/2020\/10\/fosses-septiques.png\u00bb alt=\u00bbfosses s\u00e8ptiques\u00bb title_text=\u00bbfosses-septiques\u00bb align=\u00bbcenter\u00bb align_tablet=\u00bb\u00bb align_phone=\u00bb\u00bb align_last_edited=\u00bbon|desktop\u00bb _builder_version=\u00bb4.6.6&#8243; _module_preset=\u00bbdefault\u00bb][\/et_pb_image][et_pb_blurb title=\u00bbFosas s\u00e9pticas\u00bb url=\u00bbhttps:\/\/netegesbada.com\/es\/servicios\/fosses-septiques\/\u00bb alt=\u00bbfosses s\u00e8ptiques\u00bb image_max_width=\u00bb100px\u00bb content_max_width=\u00bb1100px\u00bb _builder_version=\u00bb4.7.7&#8243; _dynamic_attributes=\u00bblink_option_url\u00bb header_font=\u00bb|700|||||||\u00bb header_font_size=\u00bb30px\u00bb body_font=\u00bb|300|||||||\u00bb body_link_font=\u00bb|600||on|||||\u00bb body_link_font_size=\u00bb14px\u00bb body_link_letter_spacing=\u00bb2px\u00bb background_enable_image=\u00bboff\u00bb transform_translate_linked=\u00bboff\u00bb text_orientation=\u00bbcenter\u00bb width=\u00bb100%\u00bb custom_margin=\u00bb||74px|||\u00bb custom_padding_tablet=\u00bb\u00bb custom_padding_phone=\u00bb||30px||false|false\u00bb custom_padding_last_edited=\u00bbon|phone\u00bb link_option_url=\u00bb@ET-DC@eyJkeW5hbWljIjp0cnVlLCJjb250ZW50IjoicG9zdF9saW5rX3VybF9wYWdlIiwic2V0dGluZ3MiOnsicG9zdF9pZCI6IjI5NiJ9fQ==@\u00bb header_font_size_tablet=\u00bb\u00bb header_font_size_phone=\u00bb26px\u00bb header_font_size_last_edited=\u00bbon|phone\u00bb custom_css_blurb_image=\u00bbmargin-bottom:15px;\u00bb border_color_bottom=\u00bbrgba(51,51,51,0.15)\u00bb border_width_bottom_tablet=\u00bb\u00bb border_width_bottom_phone=\u00bb1px\u00bb border_width_bottom_last_edited=\u00bbon|phone\u00bb transform_styles__hover_enabled=\u00bbon\u00bb transform_scale__hover_enabled=\u00bbon\u00bb transform_translate__hover_enabled=\u00bbon\u00bb transform_rotate__hover_enabled=\u00bbon\u00bb transform_skew__hover_enabled=\u00bbon\u00bb transform_origin__hover_enabled=\u00bbon\u00bb transform_translate__hover=\u00bb0px|-10px\u00bb body_link_font_size__hover_enabled=\u00bbon\u00bb body_link_font_size__hover=\u00bb16px\u00bb]<\/p>\n<p>Trabajamos con mangueras y agua a presi\u00f3n para liberar paredes y tuber\u00edas de restos o residuos.<\/p>\n<p><a href=\"https:\/\/netegesbada.com\/es\/servicios\/fosas-septicas\/\">M\u00e1s informaci\u00f3n<\/a><\/p>\n<p>[\/et_pb_blurb][et_pb_image src=\u00bbhttps:\/\/netegesbada.com\/wp-content\/uploads\/2020\/10\/neteja-canonades.png\u00bb title_text=\u00bbneteja-canonades\u00bb align=\u00bbcenter\u00bb _builder_version=\u00bb4.6.6&#8243; _module_preset=\u00bbdefault\u00bb][\/et_pb_image][et_pb_blurb title=\u00bbCa\u00f1er\u00edas\u00bb url=\u00bbhttps:\/\/netegesbada.com\/es\/contacto\/\u00bb alt=\u00bbfosses s\u00e8ptiques\u00bb image_max_width=\u00bb100px\u00bb content_max_width=\u00bb1100px\u00bb _builder_version=\u00bb4.7.7&#8243; _dynamic_attributes=\u00bblink_option_url\u00bb header_font=\u00bb|700|||||||\u00bb header_font_size=\u00bb30px\u00bb body_font=\u00bb|300|||||||\u00bb body_link_font=\u00bb|600||on|||||\u00bb body_link_font_size=\u00bb14px\u00bb body_link_letter_spacing=\u00bb2px\u00bb background_enable_image=\u00bboff\u00bb transform_translate_linked=\u00bboff\u00bb text_orientation=\u00bbcenter\u00bb width=\u00bb100%\u00bb custom_padding_tablet=\u00bb\u00bb custom_padding_phone=\u00bb||30px||false|false\u00bb custom_padding_last_edited=\u00bbon|phone\u00bb link_option_url=\u00bb@ET-DC@eyJkeW5hbWljIjp0cnVlLCJjb250ZW50IjoicG9zdF9saW5rX3VybF9wYWdlIiwic2V0dGluZ3MiOnsicG9zdF9pZCI6IjI5NiJ9fQ==@\u00bb header_font_size_tablet=\u00bb\u00bb header_font_size_phone=\u00bb26px\u00bb header_font_size_last_edited=\u00bbon|phone\u00bb custom_css_blurb_image=\u00bbmargin-bottom:15px;\u00bb border_color_bottom=\u00bbrgba(51,51,51,0.15)\u00bb border_width_bottom_tablet=\u00bb\u00bb border_width_bottom_phone=\u00bb1px\u00bb border_width_bottom_last_edited=\u00bbon|phone\u00bb transform_styles__hover_enabled=\u00bbon\u00bb transform_scale__hover_enabled=\u00bbon\u00bb transform_translate__hover_enabled=\u00bbon\u00bb transform_rotate__hover_enabled=\u00bbon\u00bb transform_skew__hover_enabled=\u00bbon\u00bb transform_origin__hover_enabled=\u00bbon\u00bb transform_translate__hover=\u00bb0px|-10px\u00bb body_link_font_size__hover_enabled=\u00bbon\u00bb body_link_font_size__hover=\u00bb16px\u00bb]<\/p>\n<p>Limpieza y mantenimiento de tuber\u00edas para evitar obstrucciones de agua.<\/p>\n<p><a href=\"https:\/\/netegesbada.com\/es\/contacto\/\">M\u00e1s informaci\u00f3n<\/a><\/p>\n<p>[\/et_pb_blurb][\/et_pb_column][et_pb_column type=\u00bb1_3&#8243; _builder_version=\u00bb3.25.2&#8243;][et_pb_image src=\u00bbhttps:\/\/netegesbada.com\/wp-content\/uploads\/2020\/10\/clavegueram-neteges-bada.png\u00bb title_text=\u00bbclavegueram-neteges-bada\u00bb align=\u00bbcenter\u00bb _builder_version=\u00bb4.6.6&#8243; _module_preset=\u00bbdefault\u00bb][\/et_pb_image][et_pb_blurb title=\u00bbAlcantarillado\u00bb url=\u00bbhttps:\/\/netegesbada.com\/es\/servicios\/clavegueram\/\u00bb image_max_width=\u00bb75px\u00bb _builder_version=\u00bb4.7.7&#8243; _dynamic_attributes=\u00bblink_option_url\u00bb header_font=\u00bb|700|||||||\u00bb header_font_size=\u00bb30px\u00bb body_font=\u00bb|300|||||||\u00bb body_link_font=\u00bb|600||on|||||\u00bb body_link_font_size=\u00bb14px\u00bb body_link_letter_spacing=\u00bb2px\u00bb transform_translate_linked=\u00bboff\u00bb text_orientation=\u00bbcenter\u00bb custom_margin=\u00bb||74px|||\u00bb custom_padding_tablet=\u00bb\u00bb custom_padding_phone=\u00bb||30px||false|false\u00bb custom_padding_last_edited=\u00bbon|phone\u00bb link_option_url=\u00bb@ET-DC@eyJkeW5hbWljIjp0cnVlLCJjb250ZW50IjoicG9zdF9saW5rX3VybF9wYWdlIiwic2V0dGluZ3MiOnsicG9zdF9pZCI6IjI5NiJ9fQ==@\u00bb header_font_size_tablet=\u00bb\u00bb header_font_size_phone=\u00bb26px\u00bb header_font_size_last_edited=\u00bbon|phone\u00bb custom_css_blurb_image=\u00bbmargin-bottom:15px;\u00bb border_color_bottom=\u00bbrgba(51,51,51,0.15)\u00bb border_width_bottom_tablet=\u00bb\u00bb border_width_bottom_phone=\u00bb1px\u00bb border_width_bottom_last_edited=\u00bbon|phone\u00bb transform_styles__hover_enabled=\u00bbon\u00bb transform_scale__hover_enabled=\u00bbon\u00bb transform_translate__hover_enabled=\u00bbon\u00bb transform_rotate__hover_enabled=\u00bbon\u00bb transform_skew__hover_enabled=\u00bbon\u00bb transform_origin__hover_enabled=\u00bbon\u00bb transform_translate__hover=\u00bb0px|-10px\u00bb body_link_font_size__hover=\u00bb16px\u00bb body_link_font_size__hover_enabled=\u00bbon\u00bb]<\/p>\n<p>Gran experiencia en servicios de limpieza de alcantarillado, con unos resultados impecables.<\/p>\n<p><a href=\"https:\/\/netegesbada.com\/es\/servicios\/alcantarillado\/\">M\u00e1s informaci\u00f3n<\/a><\/p>\n<p>[\/et_pb_blurb][et_pb_image src=\u00bbhttps:\/\/netegesbada.com\/wp-content\/uploads\/2020\/10\/inspeccio-tuberias.png\u00bb title_text=\u00bbinspeccio tuberias\u00bb align=\u00bbcenter\u00bb _builder_version=\u00bb4.6.6&#8243; _module_preset=\u00bbdefault\u00bb][\/et_pb_image][et_pb_blurb title=\u00bbInspecciones\u00bb url=\u00bbhttps:\/\/netegesbada.com\/es\/contacto\/\u00bb image_max_width=\u00bb75px\u00bb _builder_version=\u00bb4.7.7&#8243; _dynamic_attributes=\u00bblink_option_url\u00bb header_font=\u00bb|700|||||||\u00bb header_font_size=\u00bb30px\u00bb body_font=\u00bb|300|||||||\u00bb body_link_font=\u00bb|600||on|||||\u00bb body_link_font_size=\u00bb14px\u00bb body_link_letter_spacing=\u00bb2px\u00bb transform_translate_linked=\u00bboff\u00bb text_orientation=\u00bbcenter\u00bb custom_padding_tablet=\u00bb\u00bb custom_padding_phone=\u00bb||30px||false|false\u00bb custom_padding_last_edited=\u00bbon|phone\u00bb link_option_url=\u00bb@ET-DC@eyJkeW5hbWljIjp0cnVlLCJjb250ZW50IjoicG9zdF9saW5rX3VybF9wYWdlIiwic2V0dGluZ3MiOnsicG9zdF9pZCI6IjI5NiJ9fQ==@\u00bb header_font_size_tablet=\u00bb\u00bb header_font_size_phone=\u00bb26px\u00bb header_font_size_last_edited=\u00bbon|phone\u00bb custom_css_blurb_image=\u00bbmargin-bottom:15px;\u00bb border_color_bottom=\u00bbrgba(51,51,51,0.15)\u00bb border_width_bottom_tablet=\u00bb\u00bb border_width_bottom_phone=\u00bb1px\u00bb border_width_bottom_last_edited=\u00bbon|phone\u00bb transform_styles__hover_enabled=\u00bbon\u00bb transform_scale__hover_enabled=\u00bbon\u00bb transform_translate__hover_enabled=\u00bbon\u00bb transform_rotate__hover_enabled=\u00bbon\u00bb transform_skew__hover_enabled=\u00bbon\u00bb transform_origin__hover_enabled=\u00bbon\u00bb transform_translate__hover=\u00bb0px|-10px\u00bb body_link_font_size__hover=\u00bb16px\u00bb body_link_font_size__hover_enabled=\u00bbon\u00bb]<\/p>\n<p>Inspecciones con c\u00e1mara de T.V. de alta calidad para localizar fugas, grietas y roturas.<\/p>\n<p><a href=\"https:\/\/netegesbada.com\/es\/contacto\/\" data-wplink-edit=\"true\">M\u00e1s informaci\u00f3n<\/a><\/p>\n<p>[\/et_pb_blurb][\/et_pb_column][et_pb_column type=\u00bb1_3&#8243; _builder_version=\u00bb3.25.2&#8243;][et_pb_image src=\u00bbhttps:\/\/netegesbada.com\/wp-content\/uploads\/2020\/10\/cubas.png\u00bb title_text=\u00bbcubas\u00bb align=\u00bbcenter\u00bb _builder_version=\u00bb4.6.6&#8243; _module_preset=\u00bbdefault\u00bb][\/et_pb_image][et_pb_blurb title=\u00bbCubas\u00bb url=\u00bbhttps:\/\/netegesbada.com\/serveis\/cubes-alta-pressio\/\u00bb image_max_width=\u00bb75px\u00bb _builder_version=\u00bb4.7.7&#8243; _dynamic_attributes=\u00bblink_option_url\u00bb header_font=\u00bb|700|||||||\u00bb header_font_size=\u00bb30px\u00bb body_font=\u00bb|300|||||||\u00bb body_link_font=\u00bb|600||on|||||\u00bb body_link_font_size=\u00bb14px\u00bb body_link_letter_spacing=\u00bb2px\u00bb transform_translate_linked=\u00bboff\u00bb text_orientation=\u00bbcenter\u00bb custom_margin=\u00bb||74px|||\u00bb link_option_url=\u00bb@ET-DC@eyJkeW5hbWljIjp0cnVlLCJjb250ZW50IjoicG9zdF9saW5rX3VybF9wYWdlIiwic2V0dGluZ3MiOnsicG9zdF9pZCI6IjI5NiJ9fQ==@\u00bb header_font_size_tablet=\u00bb\u00bb header_font_size_phone=\u00bb26px\u00bb header_font_size_last_edited=\u00bbon|phone\u00bb custom_css_blurb_image=\u00bbmargin-bottom:15px;\u00bb transform_styles__hover_enabled=\u00bbon\u00bb transform_scale__hover_enabled=\u00bbon\u00bb transform_translate__hover_enabled=\u00bbon\u00bb transform_rotate__hover_enabled=\u00bbon\u00bb transform_skew__hover_enabled=\u00bbon\u00bb transform_origin__hover_enabled=\u00bbon\u00bb transform_translate__hover=\u00bb0px|-10px\u00bb body_link_font_size__hover=\u00bb16px\u00bb body_link_font_size__hover_enabled=\u00bbon\u00bb]<\/p>\n<p>Somos proveedores de agua para dep\u00f3sitos, piscinas y riego de zonas verdes. Cubas de alta presi\u00f3n.<\/p>\n<p><a href=\"https:\/\/netegesbada.com\/es\/servicios\/cubas-alta-presion\/\">M\u00e1s informaci\u00f3n<\/a><\/p>\n<p>[\/et_pb_blurb][et_pb_image src=\u00bbhttps:\/\/netegesbada.com\/wp-content\/uploads\/2020\/10\/excavadora.png\u00bb title_text=\u00bbexcavadora\u00bb align=\u00bbcenter\u00bb _builder_version=\u00bb4.6.6&#8243; _module_preset=\u00bbdefault\u00bb][\/et_pb_image][et_pb_blurb title=\u00bbMaquinaria y equipos\u00bb url=\u00bbhttps:\/\/netegesbada.com\/es\/contacto\/\u00bb image_max_width=\u00bb75px\u00bb _builder_version=\u00bb4.7.7&#8243; _dynamic_attributes=\u00bblink_option_url\u00bb header_font=\u00bb|700|||||||\u00bb header_font_size=\u00bb30px\u00bb body_font=\u00bb|300|||||||\u00bb body_link_font=\u00bb|600||on|||||\u00bb body_link_font_size=\u00bb14px\u00bb body_link_letter_spacing=\u00bb2px\u00bb transform_translate_linked=\u00bboff\u00bb text_orientation=\u00bbcenter\u00bb custom_margin=\u00bb0px|||||\u00bb link_option_url=\u00bb@ET-DC@eyJkeW5hbWljIjp0cnVlLCJjb250ZW50IjoicG9zdF9saW5rX3VybF9wYWdlIiwic2V0dGluZ3MiOnsicG9zdF9pZCI6IjI5NiJ9fQ==@\u00bb header_font_size_tablet=\u00bb\u00bb header_font_size_phone=\u00bb26px\u00bb header_font_size_last_edited=\u00bbon|phone\u00bb custom_css_blurb_image=\u00bbmargin-bottom:15px;\u00bb transform_styles__hover_enabled=\u00bbon\u00bb transform_scale__hover_enabled=\u00bbon\u00bb transform_translate__hover_enabled=\u00bbon\u00bb transform_rotate__hover_enabled=\u00bbon\u00bb transform_skew__hover_enabled=\u00bbon\u00bb transform_origin__hover_enabled=\u00bbon\u00bb transform_translate__hover=\u00bb0px|-10px\u00bb body_link_font_size__hover=\u00bb16px\u00bb body_link_font_size__hover_enabled=\u00bbon\u00bb]<\/p>\n<p>Maquinaria de calidad como excavadoras, martillos y otros, para realizar excavaciones.<\/p>\n<p><a href=\"https:\/\/netegesbada.com\/es\/servicios\/maquinaria-excavaciones\/\">M\u00e1s informaci\u00f3n<\/a><\/p>\n<p>[\/et_pb_blurb][\/et_pb_column][\/et_pb_row][et_pb_row _builder_version=\u00bb3.25.2&#8243;][et_pb_column type=\u00bb4_4&#8243; _builder_version=\u00bb3.25.2&#8243;][et_pb_button button_url=\u00bbhttps:\/\/netegesbada.com\/es\/contacto\/\u00bb button_text=\u00bbContacta con nosotros\u00bb button_alignment=\u00bbcenter\u00bb _builder_version=\u00bb4.7.7&#8243; custom_button=\u00bbon\u00bb button_text_size=\u00bb16px\u00bb button_text_color=\u00bb#ffffff\u00bb button_bg_color=\u00bb#e7c311&#8243; button_border_color=\u00bbrgba(0,0,0,0)\u00bb button_border_radius=\u00bb45px\u00bb button_letter_spacing=\u00bb1px\u00bb button_font=\u00bb|600||on|||||\u00bb button_use_icon=\u00bboff\u00bb custom_padding=\u00bb14px|30px|14px|30px|true|true\u00bb hover_enabled=\u00bb0&#8243; custom_css_main_element=\u00bbline-height:1.3!important;\u00bb button_text_color__hover_enabled=\u00bbon|hover\u00bb button_text_color__hover=\u00bb#ffffff\u00bb button_bg_color__hover_enabled=\u00bbon|hover\u00bb button_bg_color__hover=\u00bb#e7c311&#8243; button_bg_enable_color__hover=\u00bbon\u00bb button_border_color__hover_enabled=\u00bbon\u00bb button_border_color__hover=\u00bbrgba(0,0,0,0)\u00bb sticky_enabled=\u00bb0&#8243;][\/et_pb_button][\/et_pb_column][\/et_pb_row][\/et_pb_section]<\/p>\n","protected":false},"excerpt":{"rendered":"<p>Nuestros ServiciosServicios de limpieza industrial en Playa de Aro Con m&aacute;s de 60 a&ntilde;os de experiencia, en Neteges Bada ofrecemos servicios de limpieza, reparaci&oacute;n y desinfecci&oacute;n de tuber&iacute;as, alcantarillado, fosas s&eacute;pticas, pozos, colectores, piscinas, parkings &#8230;para particulares, comunidades, naves industriales, empresas, etc.Trabajamos con mangueras y agua a presi&oacute;n para liberar paredes y tuber&iacute;as de restos [&hellip;]<\/p>\n","protected":false},"author":1,"featured_media":0,"parent":0,"menu_order":0,"comment_status":"closed","ping_status":"closed","template":"","meta":{"_et_pb_use_builder":"on","_et_pb_old_content":"","_et_gb_content_width":"","footnotes":""},"class_list":["post-8957","page","type-page","status-publish","hentry"],"yoast_head":"<!-- This site is optimized with the Yoast SEO plugin v27.4 - https:\/\/yoast.com\/product\/yoast-seo-wordpress\/ -->\n<title>Servicios de limpieza industrial en Platja d&#039;Aro | Neteges Bada<\/title>\n<meta name=\"description\" content=\"Servicios de limpieza industrial de calidad para comunidades, particulares, naves industriales, ayuntamientos, urbanizaciones, empresas, etc.\" \/>\n<meta name=\"robots\" content=\"index, follow, max-snippet:-1, max-image-preview:large, max-video-preview:-1\" \/>\n<link rel=\"canonical\" href=\"https:\/\/netegesbada.com\/es\/servicios\/\" \/>\n<meta property=\"og:locale\" content=\"es_ES\" \/>\n<meta property=\"og:type\" content=\"article\" \/>\n<meta property=\"og:title\" content=\"Servicios de limpieza industrial en Platja d&#039;Aro | Neteges Bada\" \/>\n<meta property=\"og:description\" content=\"Servicios de limpieza industrial de calidad para comunidades, particulares, naves industriales, ayuntamientos, urbanizaciones, empresas, etc.\" \/>\n<meta property=\"og:url\" content=\"https:\/\/netegesbada.com\/es\/servicios\/\" \/>\n<meta property=\"og:site_name\" content=\"Neteges Bada\" \/>\n<meta property=\"article:modified_time\" content=\"2021-02-04T19:47:59+00:00\" \/>\n<meta name=\"twitter:card\" content=\"summary_large_image\" \/>\n<meta name=\"twitter:label1\" content=\"Tiempo de lectura\" \/>\n\t<meta name=\"twitter:data1\" content=\"10 minutos\" \/>\n<script type=\"application\/ld+json\" class=\"yoast-schema-graph\">{\"@context\":\"https:\\\/\\\/schema.org\",\"@graph\":[{\"@type\":\"WebPage\",\"@id\":\"https:\\\/\\\/netegesbada.com\\\/es\\\/servicios\\\/\",\"url\":\"https:\\\/\\\/netegesbada.com\\\/es\\\/servicios\\\/\",\"name\":\"Servicios de limpieza industrial en Platja d'Aro | Neteges Bada\",\"isPartOf\":{\"@id\":\"https:\\\/\\\/netegesbada.com\\\/es\\\/#website\"},\"datePublished\":\"2020-08-12T12:04:06+00:00\",\"dateModified\":\"2021-02-04T19:47:59+00:00\",\"description\":\"Servicios de limpieza industrial de calidad para comunidades, particulares, naves industriales, ayuntamientos, urbanizaciones, empresas, etc.\",\"breadcrumb\":{\"@id\":\"https:\\\/\\\/netegesbada.com\\\/es\\\/servicios\\\/#breadcrumb\"},\"inLanguage\":\"es\",\"potentialAction\":[{\"@type\":\"ReadAction\",\"target\":[\"https:\\\/\\\/netegesbada.com\\\/es\\\/servicios\\\/\"]}]},{\"@type\":\"BreadcrumbList\",\"@id\":\"https:\\\/\\\/netegesbada.com\\\/es\\\/servicios\\\/#breadcrumb\",\"itemListElement\":[{\"@type\":\"ListItem\",\"position\":1,\"name\":\"Home\",\"item\":\"https:\\\/\\\/netegesbada.com\\\/es\\\/\"},{\"@type\":\"ListItem\",\"position\":2,\"name\":\"Servicios\"}]},{\"@type\":\"WebSite\",\"@id\":\"https:\\\/\\\/netegesbada.com\\\/es\\\/#website\",\"url\":\"https:\\\/\\\/netegesbada.com\\\/es\\\/\",\"name\":\"Neteges Bada\",\"description\":\"Serveis de neteja industrial\",\"potentialAction\":[{\"@type\":\"SearchAction\",\"target\":{\"@type\":\"EntryPoint\",\"urlTemplate\":\"https:\\\/\\\/netegesbada.com\\\/es\\\/?s={search_term_string}\"},\"query-input\":{\"@type\":\"PropertyValueSpecification\",\"valueRequired\":true,\"valueName\":\"search_term_string\"}}],\"inLanguage\":\"es\"}]}<\/script>\n<!-- \/ Yoast SEO plugin. -->","yoast_head_json":{"title":"Servicios de limpieza industrial en Platja d'Aro | Neteges Bada","description":"Servicios de limpieza industrial de calidad para comunidades, particulares, naves industriales, ayuntamientos, urbanizaciones, empresas, etc.","robots":{"index":"index","follow":"follow","max-snippet":"max-snippet:-1","max-image-preview":"max-image-preview:large","max-video-preview":"max-video-preview:-1"},"canonical":"https:\/\/netegesbada.com\/es\/servicios\/","og_locale":"es_ES","og_type":"article","og_title":"Servicios de limpieza industrial en Platja d'Aro | Neteges Bada","og_description":"Servicios de limpieza industrial de calidad para comunidades, particulares, naves industriales, ayuntamientos, urbanizaciones, empresas, etc.","og_url":"https:\/\/netegesbada.com\/es\/servicios\/","og_site_name":"Neteges Bada","article_modified_time":"2021-02-04T19:47:59+00:00","twitter_card":"summary_large_image","twitter_misc":{"Tiempo de lectura":"10 minutos"},"schema":{"@context":"https:\/\/schema.org","@graph":[{"@type":"WebPage","@id":"https:\/\/netegesbada.com\/es\/servicios\/","url":"https:\/\/netegesbada.com\/es\/servicios\/","name":"Servicios de limpieza industrial en Platja d'Aro | Neteges Bada","isPartOf":{"@id":"https:\/\/netegesbada.com\/es\/#website"},"datePublished":"2020-08-12T12:04:06+00:00","dateModified":"2021-02-04T19:47:59+00:00","description":"Servicios de limpieza industrial de calidad para comunidades, particulares, naves industriales, ayuntamientos, urbanizaciones, empresas, etc.","breadcrumb":{"@id":"https:\/\/netegesbada.com\/es\/servicios\/#breadcrumb"},"inLanguage":"es","potentialAction":[{"@type":"ReadAction","target":["https:\/\/netegesbada.com\/es\/servicios\/"]}]},{"@type":"BreadcrumbList","@id":"https:\/\/netegesbada.com\/es\/servicios\/#breadcrumb","itemListElement":[{"@type":"ListItem","position":1,"name":"Home","item":"https:\/\/netegesbada.com\/es\/"},{"@type":"ListItem","position":2,"name":"Servicios"}]},{"@type":"WebSite","@id":"https:\/\/netegesbada.com\/es\/#website","url":"https:\/\/netegesbada.com\/es\/","name":"Neteges Bada","description":"Serveis de neteja industrial","potentialAction":[{"@type":"SearchAction","target":{"@type":"EntryPoint","urlTemplate":"https:\/\/netegesbada.com\/es\/?s={search_term_string}"},"query-input":{"@type":"PropertyValueSpecification","valueRequired":true,"valueName":"search_term_string"}}],"inLanguage":"es"}]}},"_links":{"self":[{"href":"https:\/\/netegesbada.com\/es\/wp-json\/wp\/v2\/pages\/8957","targetHints":{"allow":["GET"]}}],"collection":[{"href":"https:\/\/netegesbada.com\/es\/wp-json\/wp\/v2\/pages"}],"about":[{"href":"https:\/\/netegesbada.com\/es\/wp-json\/wp\/v2\/types\/page"}],"author":[{"embeddable":true,"href":"https:\/\/netegesbada.com\/es\/wp-json\/wp\/v2\/users\/1"}],"replies":[{"embeddable":true,"href":"https:\/\/netegesbada.com\/es\/wp-json\/wp\/v2\/comments?post=8957"}],"version-history":[{"count":0,"href":"https:\/\/netegesbada.com\/es\/wp-json\/wp\/v2\/pages\/8957\/revisions"}],"wp:attachment":[{"href":"https:\/\/netegesbada.com\/es\/wp-json\/wp\/v2\/media?parent=8957"}],"curies":[{"name":"wp","href":"https:\/\/api.w.org\/{rel}","templated":true}]}}